{"id":7,"date":"2025-11-18T16:06:01","date_gmt":"2025-11-18T16:06:01","guid":{"rendered":"https:\/\/econceptplus.de\/?page_id=7"},"modified":"2025-11-18T16:06:01","modified_gmt":"2025-11-18T16:06:01","slug":"wie-ein-neues-energiesystem-die-natur-starkt-und-die-energiewende-auf-die-nachste-stufe-hebt","status":"publish","type":"page","link":"https:\/\/econceptplus.de\/","title":{"rendered":"Wie ein neues Energiesystem die Natur st\u00e4rkt  und die Energiewende auf die n\u00e4chste Stufe hebt"},"content":{"rendered":"<p>In der Debatte \u00fcber die Zukunft der niederl\u00e4ndischen Energieversorgung fallen Begriffe wie <em>erneuerbar<\/em>, <em>Klimaziele<\/em> und <em>Energiewende<\/em> inzwischen t\u00e4glich. Doch hinter diesen vertrauten Worten taucht zunehmend ein neuer Begriff auf: das <em>regenerative Energiesystem<\/em>. W\u00e4hrend sich herk\u00f6mmliche nachhaltige L\u00f6sungen vor allem darauf konzentrieren, Sch\u00e4den zu begrenzen, richtet sich ein regeneratives System auf die aktive Wiederherstellung und St\u00e4rkung der Umwelt, von der es abh\u00e4ngt. Es handelt sich dabei nicht nur um eine technische Innovation, sondern um eine grundlegende Neubewertung der Art und Weise, wie Energie erzeugt, gespeichert und verbraucht wird.<\/p>\n<p>Im Kern handelt es sich um ein System, das vollst\u00e4ndig auf nat\u00fcrlichen Quellen wie Sonne, Wind, Wasserkraft und Erdw\u00e4rme basiert. Das ist nicht neu. Neu ist jedoch, dass diese Quellen in eine zirkul\u00e4re Logik eingebettet werden: Reststr\u00f6me werden wiederverwendet, Anlagen werden f\u00fcr die Wiederverwertung entworfen, und \u00d6kosysteme werden als Bestandteil der Energieinfrastruktur integriert. So kann ein Solarpark beispielsweise so gestaltet werden, dass er neben der Stromproduktion auch die Biodiversit\u00e4t f\u00f6rdert, oder ein Windkraftprojekt kann als treibende Kraft f\u00fcr die Wiederherstellung von Naturgebieten in K\u00fcstenregionen dienen.<\/p>\n<h3>Balance zwischen Erzeugung und Wiederherstellung<\/h3>\n<p>Regenerative Energiesysteme nutzen erneuerbare Quellen, die kontinuierlich erneuert werden, f\u00fcgen aber eine zus\u00e4tzliche Ebene hinzu: Sie arbeiten aktiv mit der Natur zusammen. Nicht als ein \u00e4u\u00dferer Faktor, der toleriert werden muss, sondern als Partner. Das bedeutet, dass eine Biomasseanlage erst dann als \u201eregenerativ\u201c gelten kann, wenn die Aufforstung schneller w\u00e4chst als der Abbau oder wenn Reststr\u00f6me genutzt werden, die sonst verloren gingen.<\/p>\n<p>Wesentlich ist dabei das Streben nach Wiederherstellung. W\u00e4hrend das bestehende Stromnetz noch stark von linearen Prozessen abh\u00e4ngt \u2013 Rohstoffe gewinnen, verwenden und schlie\u00dflich entsorgen \u2013 geht es bei Regeneration darum, Kreisl\u00e4ufe zu schlie\u00dfen. Wasser, das zur K\u00fchlung verwendet wird, kann gereinigt in \u00d6kosysteme zur\u00fcckgef\u00fchrt werden. Materialien aus alten Windturbinen werden in neuen wiederverwendet. Das Energiesystem versorgt nicht nur die Gesellschaft, sondern auch die nat\u00fcrliche Umgebung.<\/p>\n<h3>Die Rolle smarter Technologie<\/h3>\n<p>Die Komplexit\u00e4t eines solchen Systems erfordert Technologien, die weit \u00fcber die heutigen Z\u00e4hler und Leitungen hinausgehen. Intelligente Netze, in denen digitale Systeme kontinuierlich Angebot und Nachfrage \u00fcberwachen, bilden das Nervensystem des regenerativen Modells. Energie kann dorthin geleitet werden, wo sie ben\u00f6tigt wird, oder in Batterien gespeichert werden, wenn es zu einer \u00dcberproduktion kommt. Das macht das System weniger anf\u00e4llig f\u00fcr Schwankungen im Angebot, etwa windstille Tage oder eine Reihe bew\u00f6lkter Wochen.<\/p>\n<p>Hinzu kommt, dass diese Technologien die Effizienz deutlich steigern. Verluste beim Transport werden reduziert, dezentrale Erzeugung \u2013 etwa Nachbarschaftsbatterien und lokale W\u00e4rmenetze \u2013 kann besser integriert werden, und das System lernt aus sich selbst. Machine-Learning-Algorithmen prognostizieren Spitzenlasten, w\u00e4hrend Haushalte automatisch Energie zur\u00fcckspeisen, wenn es der Markt verlangt.<\/p>\n<h3>Vom Zentrum zur lokalen Ebene<\/h3>\n<p>Ein weiteres Kernelement regenerativer Energiesysteme ist die Dezentralisierung. W\u00e4hrend die Niederlande jahrzehntelang auf gro\u00dfe, zentral gesteuerte Kraftwerke angewiesen waren, verlagert sich die Produktion zunehmend in lokale Gemeinschaften. D\u00f6rfer mit eigenen Windturbinen, Wohnviertel, die W\u00e4rme \u00fcber eine Quartiersbatterie teilen, landwirtschaftliche Betriebe, die Energie erzeugen und gleichzeitig den Boden verbessern: Sie alle sind Beispiele f\u00fcr ein robusteres und eigenst\u00e4ndigeres System.<\/p>\n<p>Dezentralisierung erh\u00f6ht zudem die Zuverl\u00e4ssigkeit. Wenn ein Teil des Netzes ausf\u00e4llt, steht nicht gleich das ganze Land still. Lokale Infrastrukturen k\u00f6nnen Probleme abfedern und l\u00f6sen, ohne dass gro\u00dfe Kraftwerke eingreifen m\u00fcssen. Das macht das System flexibler und widerstandsf\u00e4higer gegen\u00fcber St\u00f6rungen.<\/p>\n<h3>Ziele f\u00fcr die kommenden Jahrzehnte<\/h3>\n<p>Das Ziel ist klar: ein klimaneutrales Niederlande im Jahr 2050. Daf\u00fcr ist ein Energiesystem erforderlich, das nicht nur Emissionen minimiert, sondern auch f\u00fcr B\u00fcrger und Unternehmen bezahlbar bleibt. Regenerative Systeme k\u00f6nnen dazu beitragen, weil sie langfristig weniger abh\u00e4ngig sind von knappen Importressourcen und Preisschwankungen auf dem internationalen Energiemarkt.<\/p>\n<p>Noch wichtiger ist jedoch, dass sie den \u00dcbergang von \u201eweniger schlecht\u201c zu \u201eaktiv gut\u201c erm\u00f6glichen. Durch die St\u00e4rkung von \u00d6kosystemen, das Schlie\u00dfen von Kreisl\u00e4ufen und den vollst\u00e4ndigen Ausstieg aus fossilen Brennstoffen kann die Energiewende zu einem Motor \u00f6kologischer Erneuerung werden. Die Frage lautet dann nicht mehr nur, wie die Niederlande ihre Energie erzeugen, sondern wie diese Erzeugung die Welt um uns herum besser hinterlassen kann, als wir sie vorgefunden haben.<\/p>\n","protected":false},"excerpt":{"rendered":"<p>In der Debatte \u00fcber die Zukunft der niederl\u00e4ndischen Energieversorgung fallen Begriffe wie erneuerbar, Klimaziele und Energiewende inzwischen t\u00e4glich. Doch hinter diesen vertrauten Worten taucht zunehmend ein neuer Begriff auf: das regenerative Energiesystem. W\u00e4hrend sich herk\u00f6mmliche nachhaltige L\u00f6sungen vor allem darauf konzentrieren, Sch\u00e4den zu begrenzen, richtet sich ein regeneratives System auf die aktive Wiederherstellung und St\u00e4rkung &#8230; <a title=\"Wie ein neues Energiesystem die Natur st\u00e4rkt  und die Energiewende auf die n\u00e4chste Stufe hebt\" class=\"read-more\" href=\"https:\/\/econceptplus.de\/\" aria-label=\"Mehr Informationen \u00fcber Wie ein neues Energiesystem die Natur st\u00e4rkt  und die Energiewende auf die n\u00e4chste Stufe hebt\">Weiterlesen<\/a><\/p>\n","protected":false},"author":1,"featured_media":0,"parent":0,"menu_order":0,"comment_status":"closed","ping_status":"closed","template":"","meta":{"footnotes":""},"class_list":["post-7","page","type-page","status-publish"],"_links":{"self":[{"href":"https:\/\/econceptplus.de\/index.php?rest_route=\/wp\/v2\/pages\/7","targetHints":{"allow":["GET"]}}],"collection":[{"href":"https:\/\/econceptplus.de\/index.php?rest_route=\/wp\/v2\/pages"}],"about":[{"href":"https:\/\/econceptplus.de\/index.php?rest_route=\/wp\/v2\/types\/page"}],"author":[{"embeddable":true,"href":"https:\/\/econceptplus.de\/index.php?rest_route=\/wp\/v2\/users\/1"}],"replies":[{"embeddable":true,"href":"https:\/\/econceptplus.de\/index.php?rest_route=%2Fwp%2Fv2%2Fcomments&post=7"}],"version-history":[{"count":1,"href":"https:\/\/econceptplus.de\/index.php?rest_route=\/wp\/v2\/pages\/7\/revisions"}],"predecessor-version":[{"id":8,"href":"https:\/\/econceptplus.de\/index.php?rest_route=\/wp\/v2\/pages\/7\/revisions\/8"}],"wp:attachment":[{"href":"https:\/\/econceptplus.de\/index.php?rest_route=%2Fwp%2Fv2%2Fmedia&parent=7"}],"curies":[{"name":"wp","href":"https:\/\/api.w.org\/{rel}","templated":true}]}}